{"id":139,"date":"2015-07-12T11:20:39","date_gmt":"2015-07-12T11:20:39","guid":{"rendered":"http:\/\/surfandfriends.de\/?page_id=139"},"modified":"2016-07-27T11:42:55","modified_gmt":"2016-07-27T09:42:55","slug":"simons-blog","status":"publish","type":"page","link":"https:\/\/surfandfriends.de\/?page_id=139","title":{"rendered":"Bulli"},"content":{"rendered":"<p>Alles rund um den Bulli.<\/p>\n<p>Ich beschreibe ganz genau, wie man\u00a0einen Bulli oder Transporter zu einem Wohnmobil umbaut. Mit vielen Fotos, mit meinen Ideen, mit meinen Fehlversuchen, halt mit allem was dazu geh\u00f6rt.<\/p>\n<p>Die Gr\u00fcnde, warum man\u00a0selber ein Fahrzeug umbauen m\u00f6chte sind vielf\u00e4ltig. Wenn man mal schaut was ein Professioneller Umbau &#8211; speziell auf die Bed\u00fcrfnisse des einzelnen ausgelegt &#8211; kostet, legt man bei den Preisen schon mal die Ohren an. Dazu kommt, das man Spa\u00df am Planen und Umbauen hat. Viel Zeit und\u00a0Geduld mitbringt, um so ein Perfektes Ergebins zu erzielen.<\/p>\n<p>Ich pers\u00f6nlich habe so viel Freude an der Planung, Auslegung und Konstruktion\u00a0gehabt im 3D, dass ich es auch f\u00fcr andere machen w\u00fcrde. Es gibt so viele verschiedene Anforderungen und so wenig Platz das die Herausforderung enorm ist. So etwas reizt mich.<\/p>\n<p>Falls Ihr Interesse habt euer Fahrzeug von mir planen, auslegen\u00a0bzw. konstruieren\u00a0zu lassen dann Kontaktiert mich bitte <a href=\"http:\/\/surfandfriends.de\/?page_id=1268\">hier<\/a>.<\/p>\n<p>&nbsp;<\/p>\n<p>&nbsp;<\/p>\n<p>&nbsp;<\/p>\n<div class=\"sharedaddy sd-sharing-enabled\"><div class=\"robots-nocontent sd-block sd-social sd-social-icon-text sd-sharing\"><h3 class=\"sd-title\">Teilen mit:<\/h3><div class=\"sd-content\"><ul><li class=\"share-facebook\"><a rel=\"nofollow noopener noreferrer\" data-shared=\"sharing-facebook-139\" class=\"share-facebook sd-button share-icon\" href=\"https:\/\/surfandfriends.de\/?page_id=139&amp;share=facebook\" target=\"_blank\" title=\"Klick, um auf Facebook zu teilen\" ><span>Facebook<\/span><\/a><\/li><li class=\"share-linkedin\"><a rel=\"nofollow noopener noreferrer\" data-shared=\"sharing-linkedin-139\" class=\"share-linkedin sd-button share-icon\" href=\"https:\/\/surfandfriends.de\/?page_id=139&amp;share=linkedin\" target=\"_blank\" title=\"Klick, um auf LinkedIn zu teilen\" ><span>LinkedIn<\/span><\/a><\/li><li class=\"share-twitter\"><a rel=\"nofollow noopener noreferrer\" data-shared=\"sharing-twitter-139\" class=\"share-twitter sd-button share-icon\" href=\"https:\/\/surfandfriends.de\/?page_id=139&amp;share=twitter\" target=\"_blank\" title=\"Klick, um \u00fcber Twitter zu teilen\" ><span>Twitter<\/span><\/a><\/li><li class=\"share-tumblr\"><a rel=\"nofollow noopener noreferrer\" data-shared=\"\" class=\"share-tumblr sd-button share-icon\" href=\"https:\/\/surfandfriends.de\/?page_id=139&amp;share=tumblr\" target=\"_blank\" title=\"Klick, um auf Tumblr zu teilen\" ><span>Tumblr<\/span><\/a><\/li><li class=\"share-email\"><a rel=\"nofollow noopener noreferrer\" data-shared=\"\" class=\"share-email sd-button share-icon\" href=\"mailto:?subject=%5BGeteilter%20Beitrag%5D%20Bulli&body=https%3A%2F%2Fsurfandfriends.de%2F%3Fpage_id%3D139&share=email\" target=\"_blank\" title=\"Klicken, um einem Freund einen Link per E-Mail zu senden\" data-email-share-error-title=\"Hast du E-Mail eingerichtet?\" data-email-share-error-text=\"Wenn du Probleme mit dem Teilen per E-Mail hast, ist E-Mail m\u00f6glicherweise nicht f\u00fcr deinen Browser eingerichtet. Du musst die neue E-Mail-Einrichtung m\u00f6glicherweise selbst vornehmen.\" data-email-share-nonce=\"b21f01a8e4\" data-email-share-track-url=\"https:\/\/surfandfriends.de\/?page_id=139&amp;share=email\"><span>E-Mail<\/span><\/a><\/li><li class=\"share-print\"><a rel=\"nofollow noopener noreferrer\" data-shared=\"\" class=\"share-print sd-button share-icon\" href=\"https:\/\/surfandfriends.de\/?page_id=139\" target=\"_blank\" title=\"Klicken zum Ausdrucken\" ><span>Drucken<\/span><\/a><\/li><li class=\"share-jetpack-whatsapp\"><a rel=\"nofollow noopener noreferrer\" data-shared=\"\" class=\"share-jetpack-whatsapp sd-button share-icon\" href=\"https:\/\/surfandfriends.de\/?page_id=139&amp;share=jetpack-whatsapp\" target=\"_blank\" title=\"Klicken, um auf WhatsApp zu teilen\" ><span>WhatsApp<\/span><\/a><\/li><li><a href=\"#\" class=\"sharing-anchor sd-button share-more\"><span>Mehr<\/span><\/a><\/li><li class=\"share-end\"><\/li><\/ul><div class=\"sharing-hidden\"><div class=\"inner\" style=\"display: none;\"><ul><li class=\"share-reddit\"><a rel=\"nofollow noopener noreferrer\" data-shared=\"\" class=\"share-reddit sd-button share-icon\" href=\"https:\/\/surfandfriends.de\/?page_id=139&amp;share=reddit\" target=\"_blank\" title=\"Klick, um auf Reddit zu teilen\" ><span>Reddit<\/span><\/a><\/li><li class=\"share-pinterest\"><a rel=\"nofollow noopener noreferrer\" data-shared=\"sharing-pinterest-139\" class=\"share-pinterest sd-button share-icon\" href=\"https:\/\/surfandfriends.de\/?page_id=139&amp;share=pinterest\" target=\"_blank\" title=\"Klick, um auf Pinterest zu teilen\" ><span>Pinterest<\/span><\/a><\/li><li class=\"share-end\"><\/li><li class=\"share-pocket\"><a rel=\"nofollow noopener noreferrer\" data-shared=\"\" class=\"share-pocket sd-button share-icon\" href=\"https:\/\/surfandfriends.de\/?page_id=139&amp;share=pocket\" target=\"_blank\" title=\"Klick, um auf Pocket zu teilen\" ><span>Pocket<\/span><\/a><\/li><li class=\"share-telegram\"><a rel=\"nofollow noopener noreferrer\" data-shared=\"\" class=\"share-telegram sd-button share-icon\" href=\"https:\/\/surfandfriends.de\/?page_id=139&amp;share=telegram\" target=\"_blank\" title=\"Klicken, um auf Telegram zu teilen\" ><span>Telegram<\/span><\/a><\/li><li class=\"share-end\"><\/li><li class=\"share-skype\"><a rel=\"nofollow noopener noreferrer\" data-shared=\"sharing-skype-139\" class=\"share-skype sd-button share-icon\" href=\"https:\/\/surfandfriends.de\/?page_id=139&amp;share=skype\" target=\"_blank\" title=\"Klicken, um in Skype zu teilen\" ><span>Skype<\/span><\/a><\/li><li class=\"share-end\"><\/li><\/ul><\/div><\/div><\/div><\/div><\/div>","protected":false},"excerpt":{"rendered":"<p>Alles rund um den Bulli. Ich beschreibe ganz genau, wie man\u00a0einen Bulli oder Transporter zu einem Wohnmobil umbaut. Mit vielen Fotos, mit meinen Ideen, mit meinen Fehlversuchen, halt mit allem was dazu geh\u00f6rt. Die Gr\u00fcnde, warum man\u00a0selber ein Fahrzeug umbauen m\u00f6chte sind vielf\u00e4ltig. Wenn man mal schaut was ein Professioneller Umbau &#8211; speziell auf die [&hellip;]<\/p>\n<div class=\"sharedaddy sd-sharing-enabled\"><div class=\"robots-nocontent sd-block sd-social sd-social-icon-text sd-sharing\"><h3 class=\"sd-title\">Teilen mit:<\/h3><div class=\"sd-content\"><ul><li class=\"share-facebook\"><a rel=\"nofollow noopener noreferrer\" data-shared=\"sharing-facebook-139\" class=\"share-facebook sd-button share-icon\" href=\"https:\/\/surfandfriends.de\/?page_id=139&amp;share=facebook\" target=\"_blank\" title=\"Klick, um auf Facebook zu teilen\" ><span>Facebook<\/span><\/a><\/li><li class=\"share-linkedin\"><a rel=\"nofollow noopener noreferrer\" data-shared=\"sharing-linkedin-139\" class=\"share-linkedin sd-button share-icon\" href=\"https:\/\/surfandfriends.de\/?page_id=139&amp;share=linkedin\" target=\"_blank\" title=\"Klick, um auf LinkedIn zu teilen\" ><span>LinkedIn<\/span><\/a><\/li><li class=\"share-twitter\"><a rel=\"nofollow noopener noreferrer\" data-shared=\"sharing-twitter-139\" class=\"share-twitter sd-button share-icon\" href=\"https:\/\/surfandfriends.de\/?page_id=139&amp;share=twitter\" target=\"_blank\" title=\"Klick, um \u00fcber Twitter zu teilen\" ><span>Twitter<\/span><\/a><\/li><li class=\"share-tumblr\"><a rel=\"nofollow noopener noreferrer\" data-shared=\"\" class=\"share-tumblr sd-button share-icon\" href=\"https:\/\/surfandfriends.de\/?page_id=139&amp;share=tumblr\" target=\"_blank\" title=\"Klick, um auf Tumblr zu teilen\" ><span>Tumblr<\/span><\/a><\/li><li class=\"share-email\"><a rel=\"nofollow noopener noreferrer\" data-shared=\"\" class=\"share-email sd-button share-icon\" href=\"mailto:?subject=%5BGeteilter%20Beitrag%5D%20Bulli&body=https%3A%2F%2Fsurfandfriends.de%2F%3Fpage_id%3D139&share=email\" target=\"_blank\" title=\"Klicken, um einem Freund einen Link per E-Mail zu senden\" data-email-share-error-title=\"Hast du E-Mail eingerichtet?\" data-email-share-error-text=\"Wenn du Probleme mit dem Teilen per E-Mail hast, ist E-Mail m\u00f6glicherweise nicht f\u00fcr deinen Browser eingerichtet. Du musst die neue E-Mail-Einrichtung m\u00f6glicherweise selbst vornehmen.\" data-email-share-nonce=\"b21f01a8e4\" data-email-share-track-url=\"https:\/\/surfandfriends.de\/?page_id=139&amp;share=email\"><span>E-Mail<\/span><\/a><\/li><li class=\"share-print\"><a rel=\"nofollow noopener noreferrer\" data-shared=\"\" class=\"share-print sd-button share-icon\" href=\"https:\/\/surfandfriends.de\/?page_id=139\" target=\"_blank\" title=\"Klicken zum Ausdrucken\" ><span>Drucken<\/span><\/a><\/li><li class=\"share-jetpack-whatsapp\"><a rel=\"nofollow noopener noreferrer\" data-shared=\"\" class=\"share-jetpack-whatsapp sd-button share-icon\" href=\"https:\/\/surfandfriends.de\/?page_id=139&amp;share=jetpack-whatsapp\" target=\"_blank\" title=\"Klicken, um auf WhatsApp zu teilen\" ><span>WhatsApp<\/span><\/a><\/li><li><a href=\"#\" class=\"sharing-anchor sd-button share-more\"><span>Mehr<\/span><\/a><\/li><li class=\"share-end\"><\/li><\/ul><div class=\"sharing-hidden\"><div class=\"inner\" style=\"display: none;\"><ul><li class=\"share-reddit\"><a rel=\"nofollow noopener noreferrer\" data-shared=\"\" class=\"share-reddit sd-button share-icon\" href=\"https:\/\/surfandfriends.de\/?page_id=139&amp;share=reddit\" target=\"_blank\" title=\"Klick, um auf Reddit zu teilen\" ><span>Reddit<\/span><\/a><\/li><li class=\"share-pinterest\"><a rel=\"nofollow noopener noreferrer\" data-shared=\"sharing-pinterest-139\" class=\"share-pinterest sd-button share-icon\" href=\"https:\/\/surfandfriends.de\/?page_id=139&amp;share=pinterest\" target=\"_blank\" title=\"Klick, um auf Pinterest zu teilen\" ><span>Pinterest<\/span><\/a><\/li><li class=\"share-end\"><\/li><li class=\"share-pocket\"><a rel=\"nofollow noopener noreferrer\" data-shared=\"\" class=\"share-pocket sd-button share-icon\" href=\"https:\/\/surfandfriends.de\/?page_id=139&amp;share=pocket\" target=\"_blank\" title=\"Klick, um auf Pocket zu teilen\" ><span>Pocket<\/span><\/a><\/li><li class=\"share-telegram\"><a rel=\"nofollow noopener noreferrer\" data-shared=\"\" class=\"share-telegram sd-button share-icon\" href=\"https:\/\/surfandfriends.de\/?page_id=139&amp;share=telegram\" target=\"_blank\" title=\"Klicken, um auf Telegram zu teilen\" ><span>Telegram<\/span><\/a><\/li><li class=\"share-end\"><\/li><li class=\"share-skype\"><a rel=\"nofollow noopener noreferrer\" data-shared=\"sharing-skype-139\" class=\"share-skype sd-button share-icon\" href=\"https:\/\/surfandfriends.de\/?page_id=139&amp;share=skype\" target=\"_blank\" title=\"Klicken, um in Skype zu teilen\" ><span>Skype<\/span><\/a><\/li><li class=\"share-end\"><\/li><\/ul><\/div><\/div><\/div><\/div><\/div>","protected":false},"author":1,"featured_media":0,"parent":0,"menu_order":0,"comment_status":"open","ping_status":"open","template":"","meta":{"jetpack_post_was_ever_published":false},"jetpack_sharing_enabled":true,"jetpack_shortlink":"https:\/\/wp.me\/P7fuyH-2f","jetpack-related-posts":[{"id":1268,"url":"https:\/\/surfandfriends.de\/?page_id=1268","url_meta":{"origin":139,"position":0},"title":"Kontakt","date":"12. M\u00e4rz 2016","format":false,"excerpt":"Ich stehe total auf: Fragen, Anregungen, Kritik, Lob, Hinweise, Verbesserungen, Antworten,\u00a0ect.. Kontaktiert mich bitte! Ich plane auch euren Bulliumbau, mache Zeichnungen dazu und eine 3D - Skizze.","rel":"","context":"\u00c4hnlicher Beitrag","img":{"alt_text":"","src":"","width":0,"height":0},"classes":[]},{"id":152,"url":"https:\/\/surfandfriends.de\/?page_id=152","url_meta":{"origin":139,"position":1},"title":"\u00dcber mich \/ about me","date":"12. Juli 2015","format":false,"excerpt":"Geboren\u00a0im Jahr\u00a01982 in Paderborn und aus Arbeitsgr\u00fcnden vom Vater 1990\u00a0ins wundersch\u00f6ne Sauerland gezogen, machte ich dort meine Ausbildung zum Holzmechaniker bei Selecta Bank- und Kasseneinrichtungen. Nachdem ich dort meine Ausbildung erfolgreich abschloss und ein Jahr dort arbeitete, heuerte ich als Schreiner und Trockenbauer an. Auf den Winterbaustellen - auf denen\u2026","rel":"","context":"\u00c4hnlicher Beitrag","img":{"alt_text":"","src":"https:\/\/i0.wp.com\/surfandfriends.de\/wp-content\/uploads\/2016\/03\/20140622_214645_flach_1920.jpg?fit=1200%2C347&ssl=1&resize=350%2C200","width":350,"height":200},"classes":[]},{"id":1090,"url":"https:\/\/surfandfriends.de\/?page_id=1090","url_meta":{"origin":139,"position":2},"title":"Impressum","date":"18. Februar 2016","format":false,"excerpt":"Impressum Simon Thomas Hanke Gl\u00f6singer Stra\u00dfe, 29 59823 Arnsberg Telefon: 01751229571 E-Mail: simon.thomas.hanke (at)\u00a0googlemail punkt com Verantwortlich f\u00fcr den Inhalt (gem. \u00a7 55 Abs. 2 RStV): Simon Thomas Hanke Gl\u00f6singer Stra\u00dfe 29 59823 Arnsberg Disclaimer \u2013 rechtliche Hinweise \u00a7 1 Haftungsbeschr\u00e4nkung Die Inhalte dieser Website werden mit gr\u00f6\u00dftm\u00f6glicher Sorgfalt erstellt.\u2026","rel":"","context":"\u00c4hnlicher Beitrag","img":{"alt_text":"","src":"","width":0,"height":0},"classes":[]}],"_links":{"self":[{"href":"https:\/\/surfandfriends.de\/index.php?rest_route=\/wp\/v2\/pages\/139"}],"collection":[{"href":"https:\/\/surfandfriends.de\/index.php?rest_route=\/wp\/v2\/pages"}],"about":[{"href":"https:\/\/surfandfriends.de\/index.php?rest_route=\/wp\/v2\/types\/page"}],"author":[{"embeddable":true,"href":"https:\/\/surfandfriends.de\/index.php?rest_route=\/wp\/v2\/users\/1"}],"replies":[{"embeddable":true,"href":"https:\/\/surfandfriends.de\/index.php?rest_route=%2Fwp%2Fv2%2Fcomments&post=139"}],"version-history":[{"count":11,"href":"https:\/\/surfandfriends.de\/index.php?rest_route=\/wp\/v2\/pages\/139\/revisions"}],"predecessor-version":[{"id":2198,"href":"https:\/\/surfandfriends.de\/index.php?rest_route=\/wp\/v2\/pages\/139\/revisions\/2198"}],"wp:attachment":[{"href":"https:\/\/surfandfriends.de\/index.php?rest_route=%2Fwp%2Fv2%2Fmedia&parent=139"}],"curies":[{"name":"wp","href":"https:\/\/api.w.org\/{rel}","templated":true}]}}