{"id":1268,"date":"2016-03-12T19:48:47","date_gmt":"2016-03-12T19:48:47","guid":{"rendered":"http:\/\/surfandfriends.de\/?page_id=1268"},"modified":"2016-03-12T19:48:47","modified_gmt":"2016-03-12T19:48:47","slug":"kontakt","status":"publish","type":"page","link":"https:\/\/surfandfriends.de\/?page_id=1268","title":{"rendered":"Kontakt"},"content":{"rendered":"<p>Ich stehe total auf:<\/p>\n<p>Fragen, Anregungen, Kritik, Lob, Hinweise, Verbesserungen, Antworten,\u00a0ect..<\/p>\n<p>Kontaktiert mich bitte!<\/p>\n<p>Ich plane auch euren Bulliumbau, mache Zeichnungen dazu und eine 3D &#8211; Skizze.<\/p>\n<div id='contact-form-1268'>\n<form action='https:\/\/surfandfriends.de\/?page_id=1268#contact-form-1268' method='post' class='contact-form commentsblock'>\n<script>\n\t\t\t( function () {\n\t\t\t\tconst contact_forms = document.getElementsByClassName('contact-form');\n\n\t\t\t\tfor ( const form of contact_forms ) {\n\t\t\t\t\tform.onsubmit = function() {\n\t\t\t\t\t\tconst buttons = form.getElementsByTagName('button');\n\n\t\t\t\t\t\tfor( const button of buttons ) {\n\t\t\t\t\t\t\tbutton.setAttribute('disabled', true);\n\t\t\t\t\t\t}\n\t\t\t\t\t}\n\t\t\t\t}\n\t\t\t} )();\n\t\t<\/script>\n<div class='grunion-field-wrap grunion-field-name-wrap'  >\n<label\n\t\t\t\tfor='g1268-name'\n\t\t\t\tclass='grunion-field-label name'\n\t\t\t\t>Name<span>(erforderlich)<\/span><\/label>\n<input\n\t\t\t\t\ttype='text'\n\t\t\t\t\tname='g1268-name'\n\t\t\t\t\tid='g1268-name'\n\t\t\t\t\tvalue=''\n\t\t\t\t\tclass='name' \n\t\t\t\t\trequired aria-required='true'\n\t\t\t\t\/>\n\t<\/div>\n\n<div class='grunion-field-wrap grunion-field-email-wrap'  >\n<label\n\t\t\t\tfor='g1268-email'\n\t\t\t\tclass='grunion-field-label email'\n\t\t\t\t>E-Mail<span>(erforderlich)<\/span><\/label>\n<input\n\t\t\t\t\ttype='email'\n\t\t\t\t\tname='g1268-email'\n\t\t\t\t\tid='g1268-email'\n\t\t\t\t\tvalue=''\n\t\t\t\t\tclass='email' \n\t\t\t\t\trequired aria-required='true'\n\t\t\t\t\/>\n\t<\/div>\n\n<div class='grunion-field-wrap grunion-field-textarea-wrap'  >\n<label\n\t\t\t\tfor='contact-form-comment-g1268-kommentar'\n\t\t\t\tclass='grunion-field-label textarea'\n\t\t\t\t>Kommentar<span>(erforderlich)<\/span><\/label>\n<textarea\n\t\t                name='g1268-kommentar'\n\t\t                id='contact-form-comment-g1268-kommentar'\n\t\t                rows='20' class='textarea'  required aria-required='true'><\/textarea>\n\t<\/div>\n\t<p class='contact-submit'>\n\t\t<button type='submit' class='pushbutton-wide'>Senden<\/button>\t\t<input type='hidden' name='contact-form-id' value='1268' \/>\n\t\t<input type='hidden' name='action' value='grunion-contact-form' \/>\n\t\t<input type='hidden' name='contact-form-hash' value='c9e07aa766b630782ae5f0b04a4daab0ef151f78' \/>\n\t<\/p>\n<p style=\"display: none !important;\" class=\"akismet-fields-container\" data-prefix=\"ak_\"><label>&#916;<textarea name=\"ak_hp_textarea\" cols=\"45\" rows=\"8\" maxlength=\"100\"><\/textarea><\/label><input type=\"hidden\" id=\"ak_js_1\" name=\"ak_js\" value=\"10\"\/><script>document.getElementById( \"ak_js_1\" ).setAttribute( \"value\", ( new Date() ).getTime() );<\/script><\/p><\/form>\n<\/div>\n<div class=\"sharedaddy sd-sharing-enabled\"><div class=\"robots-nocontent sd-block sd-social sd-social-icon-text sd-sharing\"><h3 class=\"sd-title\">Teilen mit:<\/h3><div class=\"sd-content\"><ul><li class=\"share-facebook\"><a rel=\"nofollow noopener noreferrer\" data-shared=\"sharing-facebook-1268\" class=\"share-facebook sd-button share-icon\" href=\"https:\/\/surfandfriends.de\/?page_id=1268&amp;share=facebook\" target=\"_blank\" title=\"Klick, um auf Facebook zu teilen\" ><span>Facebook<\/span><\/a><\/li><li class=\"share-linkedin\"><a rel=\"nofollow noopener noreferrer\" data-shared=\"sharing-linkedin-1268\" class=\"share-linkedin sd-button share-icon\" href=\"https:\/\/surfandfriends.de\/?page_id=1268&amp;share=linkedin\" target=\"_blank\" title=\"Klick, um auf LinkedIn zu teilen\" ><span>LinkedIn<\/span><\/a><\/li><li class=\"share-twitter\"><a rel=\"nofollow noopener noreferrer\" data-shared=\"sharing-twitter-1268\" class=\"share-twitter sd-button share-icon\" href=\"https:\/\/surfandfriends.de\/?page_id=1268&amp;share=twitter\" target=\"_blank\" title=\"Klick, um \u00fcber Twitter zu teilen\" ><span>Twitter<\/span><\/a><\/li><li class=\"share-tumblr\"><a rel=\"nofollow noopener noreferrer\" data-shared=\"\" class=\"share-tumblr sd-button share-icon\" href=\"https:\/\/surfandfriends.de\/?page_id=1268&amp;share=tumblr\" target=\"_blank\" title=\"Klick, um auf Tumblr zu teilen\" ><span>Tumblr<\/span><\/a><\/li><li class=\"share-email\"><a rel=\"nofollow noopener noreferrer\" data-shared=\"\" class=\"share-email sd-button share-icon\" href=\"mailto:?subject=%5BGeteilter%20Beitrag%5D%20Kontakt&body=https%3A%2F%2Fsurfandfriends.de%2F%3Fpage_id%3D1268&share=email\" target=\"_blank\" title=\"Klicken, um einem Freund einen Link per E-Mail zu senden\" data-email-share-error-title=\"Hast du E-Mail eingerichtet?\" data-email-share-error-text=\"Wenn du Probleme mit dem Teilen per E-Mail hast, ist E-Mail m\u00f6glicherweise nicht f\u00fcr deinen Browser eingerichtet. Du musst die neue E-Mail-Einrichtung m\u00f6glicherweise selbst vornehmen.\" data-email-share-nonce=\"9e168c0a45\" data-email-share-track-url=\"https:\/\/surfandfriends.de\/?page_id=1268&amp;share=email\"><span>E-Mail<\/span><\/a><\/li><li class=\"share-print\"><a rel=\"nofollow noopener noreferrer\" data-shared=\"\" class=\"share-print sd-button share-icon\" href=\"https:\/\/surfandfriends.de\/?page_id=1268\" target=\"_blank\" title=\"Klicken zum Ausdrucken\" ><span>Drucken<\/span><\/a><\/li><li class=\"share-jetpack-whatsapp\"><a rel=\"nofollow noopener noreferrer\" data-shared=\"\" class=\"share-jetpack-whatsapp sd-button share-icon\" href=\"https:\/\/surfandfriends.de\/?page_id=1268&amp;share=jetpack-whatsapp\" target=\"_blank\" title=\"Klicken, um auf WhatsApp zu teilen\" ><span>WhatsApp<\/span><\/a><\/li><li><a href=\"#\" class=\"sharing-anchor sd-button share-more\"><span>Mehr<\/span><\/a><\/li><li class=\"share-end\"><\/li><\/ul><div class=\"sharing-hidden\"><div class=\"inner\" style=\"display: none;\"><ul><li class=\"share-reddit\"><a rel=\"nofollow noopener noreferrer\" data-shared=\"\" class=\"share-reddit sd-button share-icon\" href=\"https:\/\/surfandfriends.de\/?page_id=1268&amp;share=reddit\" target=\"_blank\" title=\"Klick, um auf Reddit zu teilen\" ><span>Reddit<\/span><\/a><\/li><li class=\"share-pinterest\"><a rel=\"nofollow noopener noreferrer\" data-shared=\"sharing-pinterest-1268\" class=\"share-pinterest sd-button share-icon\" href=\"https:\/\/surfandfriends.de\/?page_id=1268&amp;share=pinterest\" target=\"_blank\" title=\"Klick, um auf Pinterest zu teilen\" ><span>Pinterest<\/span><\/a><\/li><li class=\"share-end\"><\/li><li class=\"share-pocket\"><a rel=\"nofollow noopener noreferrer\" data-shared=\"\" class=\"share-pocket sd-button share-icon\" href=\"https:\/\/surfandfriends.de\/?page_id=1268&amp;share=pocket\" target=\"_blank\" title=\"Klick, um auf Pocket zu teilen\" ><span>Pocket<\/span><\/a><\/li><li class=\"share-telegram\"><a rel=\"nofollow noopener noreferrer\" data-shared=\"\" class=\"share-telegram sd-button share-icon\" href=\"https:\/\/surfandfriends.de\/?page_id=1268&amp;share=telegram\" target=\"_blank\" title=\"Klicken, um auf Telegram zu teilen\" ><span>Telegram<\/span><\/a><\/li><li class=\"share-end\"><\/li><li class=\"share-skype\"><a rel=\"nofollow noopener noreferrer\" data-shared=\"sharing-skype-1268\" class=\"share-skype sd-button share-icon\" href=\"https:\/\/surfandfriends.de\/?page_id=1268&amp;share=skype\" target=\"_blank\" title=\"Klicken, um in Skype zu teilen\" ><span>Skype<\/span><\/a><\/li><li class=\"share-end\"><\/li><\/ul><\/div><\/div><\/div><\/div><\/div>","protected":false},"excerpt":{"rendered":"<p>Ich stehe total auf: Fragen, Anregungen, Kritik, Lob, Hinweise, Verbesserungen, Antworten,\u00a0ect.. Kontaktiert mich bitte! Ich plane auch euren Bulliumbau, mache Zeichnungen dazu und eine 3D &#8211; Skizze.<\/p>\n<div class=\"sharedaddy sd-sharing-enabled\"><div class=\"robots-nocontent sd-block sd-social sd-social-icon-text sd-sharing\"><h3 class=\"sd-title\">Teilen mit:<\/h3><div class=\"sd-content\"><ul><li class=\"share-facebook\"><a rel=\"nofollow noopener noreferrer\" data-shared=\"sharing-facebook-1268\" class=\"share-facebook sd-button share-icon\" href=\"https:\/\/surfandfriends.de\/?page_id=1268&amp;share=facebook\" target=\"_blank\" title=\"Klick, um auf Facebook zu teilen\" ><span>Facebook<\/span><\/a><\/li><li class=\"share-linkedin\"><a rel=\"nofollow noopener noreferrer\" data-shared=\"sharing-linkedin-1268\" class=\"share-linkedin sd-button share-icon\" href=\"https:\/\/surfandfriends.de\/?page_id=1268&amp;share=linkedin\" target=\"_blank\" title=\"Klick, um auf LinkedIn zu teilen\" ><span>LinkedIn<\/span><\/a><\/li><li class=\"share-twitter\"><a rel=\"nofollow noopener noreferrer\" data-shared=\"sharing-twitter-1268\" class=\"share-twitter sd-button share-icon\" href=\"https:\/\/surfandfriends.de\/?page_id=1268&amp;share=twitter\" target=\"_blank\" title=\"Klick, um \u00fcber Twitter zu teilen\" ><span>Twitter<\/span><\/a><\/li><li class=\"share-tumblr\"><a rel=\"nofollow noopener noreferrer\" data-shared=\"\" class=\"share-tumblr sd-button share-icon\" href=\"https:\/\/surfandfriends.de\/?page_id=1268&amp;share=tumblr\" target=\"_blank\" title=\"Klick, um auf Tumblr zu teilen\" ><span>Tumblr<\/span><\/a><\/li><li class=\"share-email\"><a rel=\"nofollow noopener noreferrer\" data-shared=\"\" class=\"share-email sd-button share-icon\" href=\"mailto:?subject=%5BGeteilter%20Beitrag%5D%20Kontakt&body=https%3A%2F%2Fsurfandfriends.de%2F%3Fpage_id%3D1268&share=email\" target=\"_blank\" title=\"Klicken, um einem Freund einen Link per E-Mail zu senden\" data-email-share-error-title=\"Hast du E-Mail eingerichtet?\" data-email-share-error-text=\"Wenn du Probleme mit dem Teilen per E-Mail hast, ist E-Mail m\u00f6glicherweise nicht f\u00fcr deinen Browser eingerichtet. Du musst die neue E-Mail-Einrichtung m\u00f6glicherweise selbst vornehmen.\" data-email-share-nonce=\"9e168c0a45\" data-email-share-track-url=\"https:\/\/surfandfriends.de\/?page_id=1268&amp;share=email\"><span>E-Mail<\/span><\/a><\/li><li class=\"share-print\"><a rel=\"nofollow noopener noreferrer\" data-shared=\"\" class=\"share-print sd-button share-icon\" href=\"https:\/\/surfandfriends.de\/?page_id=1268\" target=\"_blank\" title=\"Klicken zum Ausdrucken\" ><span>Drucken<\/span><\/a><\/li><li class=\"share-jetpack-whatsapp\"><a rel=\"nofollow noopener noreferrer\" data-shared=\"\" class=\"share-jetpack-whatsapp sd-button share-icon\" href=\"https:\/\/surfandfriends.de\/?page_id=1268&amp;share=jetpack-whatsapp\" target=\"_blank\" title=\"Klicken, um auf WhatsApp zu teilen\" ><span>WhatsApp<\/span><\/a><\/li><li><a href=\"#\" class=\"sharing-anchor sd-button share-more\"><span>Mehr<\/span><\/a><\/li><li class=\"share-end\"><\/li><\/ul><div class=\"sharing-hidden\"><div class=\"inner\" style=\"display: none;\"><ul><li class=\"share-reddit\"><a rel=\"nofollow noopener noreferrer\" data-shared=\"\" class=\"share-reddit sd-button share-icon\" href=\"https:\/\/surfandfriends.de\/?page_id=1268&amp;share=reddit\" target=\"_blank\" title=\"Klick, um auf Reddit zu teilen\" ><span>Reddit<\/span><\/a><\/li><li class=\"share-pinterest\"><a rel=\"nofollow noopener noreferrer\" data-shared=\"sharing-pinterest-1268\" class=\"share-pinterest sd-button share-icon\" href=\"https:\/\/surfandfriends.de\/?page_id=1268&amp;share=pinterest\" target=\"_blank\" title=\"Klick, um auf Pinterest zu teilen\" ><span>Pinterest<\/span><\/a><\/li><li class=\"share-end\"><\/li><li class=\"share-pocket\"><a rel=\"nofollow noopener noreferrer\" data-shared=\"\" class=\"share-pocket sd-button share-icon\" href=\"https:\/\/surfandfriends.de\/?page_id=1268&amp;share=pocket\" target=\"_blank\" title=\"Klick, um auf Pocket zu teilen\" ><span>Pocket<\/span><\/a><\/li><li class=\"share-telegram\"><a rel=\"nofollow noopener noreferrer\" data-shared=\"\" class=\"share-telegram sd-button share-icon\" href=\"https:\/\/surfandfriends.de\/?page_id=1268&amp;share=telegram\" target=\"_blank\" title=\"Klicken, um auf Telegram zu teilen\" ><span>Telegram<\/span><\/a><\/li><li class=\"share-end\"><\/li><li class=\"share-skype\"><a rel=\"nofollow noopener noreferrer\" data-shared=\"sharing-skype-1268\" class=\"share-skype sd-button share-icon\" href=\"https:\/\/surfandfriends.de\/?page_id=1268&amp;share=skype\" target=\"_blank\" title=\"Klicken, um in Skype zu teilen\" ><span>Skype<\/span><\/a><\/li><li class=\"share-end\"><\/li><\/ul><\/div><\/div><\/div><\/div><\/div>","protected":false},"author":1,"featured_media":0,"parent":0,"menu_order":0,"comment_status":"closed","ping_status":"closed","template":"","meta":{"jetpack_post_was_ever_published":false},"jetpack_sharing_enabled":true,"jetpack_shortlink":"https:\/\/wp.me\/P7fuyH-ks","jetpack-related-posts":[{"id":1090,"url":"https:\/\/surfandfriends.de\/?page_id=1090","url_meta":{"origin":1268,"position":0},"title":"Impressum","date":"18. Februar 2016","format":false,"excerpt":"Impressum Simon Thomas Hanke Gl\u00f6singer Stra\u00dfe, 29 59823 Arnsberg Telefon: 01751229571 E-Mail: simon.thomas.hanke (at)\u00a0googlemail punkt com Verantwortlich f\u00fcr den Inhalt (gem. \u00a7 55 Abs. 2 RStV): Simon Thomas Hanke Gl\u00f6singer Stra\u00dfe 29 59823 Arnsberg Disclaimer \u2013 rechtliche Hinweise \u00a7 1 Haftungsbeschr\u00e4nkung Die Inhalte dieser Website werden mit gr\u00f6\u00dftm\u00f6glicher Sorgfalt erstellt.\u2026","rel":"","context":"\u00c4hnlicher Beitrag","img":{"alt_text":"","src":"","width":0,"height":0},"classes":[]}],"_links":{"self":[{"href":"https:\/\/surfandfriends.de\/index.php?rest_route=\/wp\/v2\/pages\/1268"}],"collection":[{"href":"https:\/\/surfandfriends.de\/index.php?rest_route=\/wp\/v2\/pages"}],"about":[{"href":"https:\/\/surfandfriends.de\/index.php?rest_route=\/wp\/v2\/types\/page"}],"author":[{"embeddable":true,"href":"https:\/\/surfandfriends.de\/index.php?rest_route=\/wp\/v2\/users\/1"}],"replies":[{"embeddable":true,"href":"https:\/\/surfandfriends.de\/index.php?rest_route=%2Fwp%2Fv2%2Fcomments&post=1268"}],"version-history":[{"count":4,"href":"https:\/\/surfandfriends.de\/index.php?rest_route=\/wp\/v2\/pages\/1268\/revisions"}],"predecessor-version":[{"id":1287,"href":"https:\/\/surfandfriends.de\/index.php?rest_route=\/wp\/v2\/pages\/1268\/revisions\/1287"}],"wp:attachment":[{"href":"https:\/\/surfandfriends.de\/index.php?rest_route=%2Fwp%2Fv2%2Fmedia&parent=1268"}],"curies":[{"name":"wp","href":"https:\/\/api.w.org\/{rel}","templated":true}]}}